{"id":1054,"date":"2019-10-14T15:14:43","date_gmt":"2019-10-14T13:14:43","guid":{"rendered":"https:\/\/www.dfkfilms.com\/de\/?page_id=1054"},"modified":"2020-01-06T17:32:13","modified_gmt":"2020-01-06T16:32:13","slug":"thelma-louise-sso","status":"publish","type":"page","link":"https:\/\/www.dfkfilms.com\/de\/beispiele\/thelma-louise-sso\/","title":{"rendered":"THELMA &amp; LOUISE (SSO)"},"content":{"rendered":"<h6>Story-Step-Outline<\/h6>\n<h6><strong>THELMA &amp; LOUISE<\/strong><\/h6>\n<p>In Klammern finden Sie die Szenen-Nummern, die Callie Khouri in der Drehbuchfassung (first draft revised) vom Juni 1989 verwendet hat. Regie f\u00fchrte Ridley Scott.<\/p>\n<p>&nbsp;<\/p>\n<p><strong>1<\/strong> \u00a0 (1-7) \u00a0 Louise r\u00e4umt im Caf\u00e9 Geschirr weg, Thelma tut zuhause dasselbe. Thelma sagt ihrem Darryl nichts \u00fcber das bevorstehende Frauenwochenende.<\/p>\n<p>&nbsp;<\/p>\n<p><strong>2<\/strong> \u00a0 (8-12) \u00a0 Thelma packt eine Pistole ein, die sie im Auto ungeschickt der \u00fcberraschten Louise \u00fcberreicht.<\/p>\n<p>&nbsp;<\/p>\n<p><strong>3<\/strong> \u00a0 (13+15) \u00a0 In einem Truckerlokal tanzt Thelma mit dem schmierigen Harlan, Louise mit Dan. Die betrunkene Thelma wird von Harlan an die frische Luft gestossen.<\/p>\n<p>&nbsp;<\/p>\n<p><strong>4<\/strong> \u00a0 (17-22) \u00a0 Harlan will Thelma vergewaltigen. Louise befreit Thelma mit ihrer Pistole und erschiesst Harlan. Sie fahren in Panik weg.<\/p>\n<p>&nbsp;<\/p>\n<p><strong>5<\/strong> \u00a0 (24+28+32) \u00a0 Detektiv Hal erf\u00e4hrt von der Kellnerin des Truckerlokals, dass sie nichts gesehen hat und froh ist, dass Harlan tot ist. Das Auto, an dem Harlan gestorben ist, wird nach Fingerabdr\u00fccken untersucht.<\/p>\n<p>&nbsp;<\/p>\n<p><strong>6<\/strong> \u00a0 (26-27+29+31+33+35) \u00a0 Ein h\u00fcbscher Autostopper steckt einen 20-Dollar-Schein ein, den Thelma auf der Fahrt verliert. Er steigt vor einem Motel aus einem LKW und sieht Thelma. Sie liegt auf einem Liegestuhl, als er in einen Wagen zusteigt und davonf\u00e4hrt.<\/p>\n<p>&nbsp;<\/p>\n<p><strong>7<\/strong> \u00a0 (34+36-44) \u00a0 Louise bittet ihren Freund Jimmy um \u00dcberweisung ihrer gesamten Ersparnisse an eine Western Union Filiale in Oklahoma City.<\/p>\n<p>&nbsp;<\/p>\n<p><strong>8<\/strong> \u00a0 (45+47) \u00a0 Louise will nach Mexiko abhauen. Thelma denkt, dass Darryl sie betr\u00fcgt.<\/p>\n<p>&nbsp;<\/p>\n<p><strong>9<\/strong> \u00a0 (46+48+49) \u00a0 Hal berichtet \u00fcber die beiden Frauen als m\u00f6gliche Zeugen des Harlan-Mordes. Mit Hilfe der Kellnerin werden Phantombilder erstellt und ans FBI gefaxt.<\/p>\n<p>&nbsp;<\/p>\n<p><strong>10<\/strong> (50-55) \u00a0 Louise h\u00e4lt vor einem Gesch\u00e4ft und erh\u00e4lt von Jimmy telefonisch die Adresse, wo sie das Geld abholen kann.<\/p>\n<p>&nbsp;<\/p>\n<p><strong>11<\/strong> (56-63) \u00a0 Darryl scheisst Thelma am Telefon zusammen und verlangt, dass sie sofort nach Hause kommt. Sie legt mit einem &#8222;Go fuck yourself&#8220; auf.<\/p>\n<p>&nbsp;<\/p>\n<p><strong>12<\/strong> (64+65+67) \u00a0 Die weinende Thelma wird vom h\u00fcbschen Autostopper getr\u00f6stet. Er will mitfahren, was Louise ablehnt. Louise will auf Nebenstrassen und unter keinen Umst\u00e4nden durch Texas, wo ihr etwas Schreckliches passiert war, nach Mexiko fahren.<\/p>\n<p>&nbsp;<\/p>\n<p><strong>13<\/strong> (66+68+69+71a+72+74+75+77-81) \u00a0 Hal identifiziert Louise und unterh\u00e4lt sich mit ihrem Vorgesetzten. Vom betrunkenen Darryl erh\u00e4lt er den Hinweis auf Thelma&#8217;s Pistole. Ihre Fingerabdr\u00fccke stimmen mit denen auf dem Mordauto \u00fcberein.<\/p>\n<p>&nbsp;<\/p>\n<p><strong>14<\/strong> (70+71b+73) \u00a0 Thelma \u00fcberredet Louise, den h\u00fcbschen Autostopper mitzunehmen.<\/p>\n<p>&nbsp;<\/p>\n<p><strong>15<\/strong> (83+86+90+92+94) \u00a0 Im Motel in Oklahoma trifft Louise auf Jimmy mit ihrem Geld, das sie in Thelma&#8217;s Zimmer l\u00e4sst. Jimmy macht ihr einen Heiratsantrag, sie schlafen zusammen und trennen sich als gute Freunde.<\/p>\n<p>&nbsp;<\/p>\n<p><strong>16<\/strong> (85+87+89+91+95) \u00a0 J.D. erz\u00e4hlt Thelma, wie er \u00dcberf\u00e4lle gemacht hat. Sie ist von ihm begeistert und sie machen heisse Liebe.<\/p>\n<p>&nbsp;<\/p>\n<p><strong>17<\/strong> (97+98) \u00a0 Die fr\u00f6hliche Thelma und die gl\u00fcckliche Louise entdecken am Morgen mit Schrecken, dass der h\u00fcbsche J.D. das ganze Geld geklaut hat und abgehauen ist.<\/p>\n<p>&nbsp;<\/p>\n<p><strong>18<\/strong> (100+102-106) \u00a0 Thelma \u00fcberf\u00e4llt mit der J.D.-Methode einen Laden und rennt mit einer Tasche voll Geldscheinen zum Auto zur\u00fcck. Louise f\u00e4hrt fluchend davon. Die Polizei schaut sich mit Darryl ein Videoband von Thelma&#8217;s \u00dcberfall an.<\/p>\n<p>&nbsp;<\/p>\n<p><strong>19<\/strong> (110) \u00a0 Thelma ist euphorisch \u00fcber ihre Tat und stellt fest, dass sie etwas verr\u00fcckt ist.<\/p>\n<p>&nbsp;<\/p>\n<p><strong>20 <\/strong>(112) \u00a0 Ein Tank-LKW-Fahrer setzt in voller Fahrt unmissverst\u00e4ndliche Sex-Zeichen.<\/p>\n<p>&nbsp;<\/p>\n<p><strong>21<\/strong> (114) \u00a0 Thelma erz\u00e4hlt Louise eine Vergewaltigungsszene aus einem Linda-Blair-Frauengef\u00e4ngnisfilm.<\/p>\n<p>&nbsp;<\/p>\n<p><strong>22<\/strong> (116) \u00a0 Thelma will Darryl anrufen. Louise macht ihr nochmals klar, dass f\u00fcr die Polizei keine Vergewaltigungsspuren zu finden sind.<\/p>\n<p>&nbsp;<\/p>\n<p><strong>23<\/strong> (107+108+111+113+115+117-119+121) \u00a0 Jimmy wird verhaftet, J.D. in Hand-schellen abgef\u00fchrt. Jimmy identifiziert J.D. und merkt, dass dieser Louise&#8217;s Geld geklaut hat. J.D. wird von Hal in die Mangel genommen und gesteht am Ende alles.<\/p>\n<p>&nbsp;<\/p>\n<p><strong>24<\/strong> (120+122-130) \u00a0 Thelma ruft Darryl an, der sie sehr freundlich begr\u00fcsst, worauf sie geschockt wieder auflegt, weil sie sofort weiss, dass die Polizei dort ist.<\/p>\n<p>&nbsp;<\/p>\n<p><strong>25<\/strong> (131+132+134-144) \u00a0 Es ist nun klar, dass die Polizei nach ihnen fahndet. Louise will nicht ins Gef\u00e4ngnis. Sie erf\u00e4hrt, dass Hal von J.D. weiss, dass sie nach Mexiko wollen.<\/p>\n<p>&nbsp;<\/p>\n<p><strong>26<\/strong> (145-148) \u00a0 Sie unterhalten sich \u00fcber ihre \u00c4ngste: Louise wollte nicht einsam alt werden, Thelma nicht mit Darryl.<\/p>\n<p>&nbsp;<\/p>\n<p><strong>27<\/strong> (149+150) \u00a0 Sie begegnen erneut dem Tank-LKW und noch eindeutigerer Macho-Anmache.<\/p>\n<p>&nbsp;<\/p>\n<p><strong>28<\/strong> (152-163) \u00a0 Louise ruft Jimmy an und gesteht ihm ihre ewige Liebe.<\/p>\n<p>&nbsp;<\/p>\n<p><strong>29<\/strong> (164+165) \u00a0 Thelma realisiert erschreckt, was Louise damals in Texas geschehen ist. Louise dreht fast durch. Thelma lacht und weint \u00fcber die T\u00f6tung von Harlan.<\/p>\n<p>&nbsp;<\/p>\n<p><strong>30<\/strong> (166-170) \u00a0 Ein Streifenpolizist, der sie wegen \u00fcberh\u00f6hter Geschwindigkeit anh\u00e4lt, wird entwaffnet und in den Kofferraum seines Wagens gesperrt.<\/p>\n<p>&nbsp;<\/p>\n<p><strong>31<\/strong> (171) \u00a0 Louise und Thelma wollen nicht aufgeben und nicht zur\u00fcckzugehen.<\/p>\n<p>&nbsp;<\/p>\n<p><strong>32<\/strong> (175) \u00a0 Thelma ist froh, dass Louise sie von Harlan befreit hat und sie bedauert, ihn nicht selber erschossen zu haben.<\/p>\n<p>&nbsp;<\/p>\n<p><strong>33<\/strong> (176) \u00a0 Der Streifenpolizist befreit sich aus seinem Kofferraum-Gef\u00e4ngnis.<\/p>\n<p>&nbsp;<\/p>\n<p><strong>34<\/strong> (177-186) \u00a0 Hal weiss, was Louise in Texas geschehen ist. Sie soll sich stellen, sonst wird sie als M\u00f6rderin zur Verhaftung ausgeschrieben. Thelma unterbricht das Telefon-gespr\u00e4ch, damit die Polizei sie nicht orten kann, zu sp\u00e4t.<\/p>\n<p>&nbsp;<\/p>\n<p><strong>35<\/strong> (188+189) \u00a0 Louise hat Angst vor der Todesstrafe. Thelma versucht, sie abzulenken.<\/p>\n<p>&nbsp;<\/p>\n<p><strong>36<\/strong> (190-195) \u00a0 Sie stoppen den Tank-LKW in der W\u00fcste, locken den Fahrer zu ihrem Auto und verlangen Entschuldigungen f\u00fcr sein sexistisches Verhalten. Als er ablehnt, schiessen sie auf seinen LKW, bis er explodiert.<\/p>\n<p>&nbsp;<\/p>\n<p><strong>37<\/strong> (196+197+199) \u00a0 Der Streifenpolizist erstattet im Hauptquartier Bericht. Hal wird informiert und steigt in einen Hubschrauber.<\/p>\n<p>&nbsp;<\/p>\n<p><strong>38<\/strong> (198+200-208) \u00a0 Thelma und Louise werden von Streifenwagen verfolgt, verlassen die Strasse und weichen in die W\u00fcste aus.<\/p>\n<p>&nbsp;<\/p>\n<p><strong>39<\/strong> (209) \u00a0 Ihre Benzinvorr\u00e4te sind fast zu Ende. Thelma will alle Schuld auf sich nehmen. Louise lehnt ab.<\/p>\n<p>&nbsp;<\/p>\n<p><strong>40<\/strong> (210-215) \u00a0 Verfolgt von einer grossen Polizei-Armada mit vielen Fahrzeugen und einem Hubschrauber sehen sie pl\u00f6tzlich den Grand Canyon vor sich und halten an. Die Polizei fordert sie auf, sich zu ergeben. Thelma \u00fcberzeugt Louise, in den Canyon zu rasen, was sie zum B.B. King Song &#8222;Better Not Look Down&#8220; tun.<\/p>\n","protected":false},"excerpt":{"rendered":"<p>Story-Step-Outline THELMA &amp; LOUISE In Klammern finden Sie die Szenen-Nummern, die Callie Khouri in der Drehbuchfassung (first draft revised) vom Juni 1989 verwendet hat. Regie f\u00fchrte Ridley Scott. &nbsp; 1&#8230;<\/p>\n","protected":false},"author":2,"featured_media":0,"parent":767,"menu_order":0,"comment_status":"closed","ping_status":"closed","template":"","meta":{"_acf_changed":false,"footnotes":""},"class_list":["post-1054","page","type-page","status-publish","hentry","boxed-1000","white"],"acf":[],"_links":{"self":[{"href":"https:\/\/www.dfkfilms.com\/de\/wp-json\/wp\/v2\/pages\/1054","targetHints":{"allow":["GET"]}}],"collection":[{"href":"https:\/\/www.dfkfilms.com\/de\/wp-json\/wp\/v2\/pages"}],"about":[{"href":"https:\/\/www.dfkfilms.com\/de\/wp-json\/wp\/v2\/types\/page"}],"author":[{"embeddable":true,"href":"https:\/\/www.dfkfilms.com\/de\/wp-json\/wp\/v2\/users\/2"}],"replies":[{"embeddable":true,"href":"https:\/\/www.dfkfilms.com\/de\/wp-json\/wp\/v2\/comments?post=1054"}],"version-history":[{"count":1,"href":"https:\/\/www.dfkfilms.com\/de\/wp-json\/wp\/v2\/pages\/1054\/revisions"}],"predecessor-version":[{"id":1848,"href":"https:\/\/www.dfkfilms.com\/de\/wp-json\/wp\/v2\/pages\/1054\/revisions\/1848"}],"up":[{"embeddable":true,"href":"https:\/\/www.dfkfilms.com\/de\/wp-json\/wp\/v2\/pages\/767"}],"wp:attachment":[{"href":"https:\/\/www.dfkfilms.com\/de\/wp-json\/wp\/v2\/media?parent=1054"}],"curies":[{"name":"wp","href":"https:\/\/api.w.org\/{rel}","templated":true}]}}