{"id":154,"date":"2019-09-12T15:56:14","date_gmt":"2019-09-12T13:56:14","guid":{"rendered":"https:\/\/www.dfkfilms.com\/?page_id=154"},"modified":"2022-10-30T21:04:48","modified_gmt":"2022-10-30T20:04:48","slug":"script-service","status":"publish","type":"page","link":"https:\/\/www.dfkfilms.com\/de\/script-service\/","title":{"rendered":"Script Service"},"content":{"rendered":"<h6>Seit den 1980er Jahren besch\u00e4ftigen wir uns mit der Evaluation und Verbesserung von Drehb\u00fcchern.<\/h6>\n<h6>Unser Team bearbeitet pro Jahr rund 120 auf dem internationalen Filmmarkt angebotene Drehb\u00fccher | Treatments | Dokumentarfilm- und Serien-Konzepte. Bis heute sind mehr als <a href=\"https:\/\/www.dfkfilms.com\/de\/about\/referenzen\/\"><strong>3000 Drehb\u00fccher<\/strong><\/a> durch unsere H\u00e4nde gegangen.<\/h6>\n","protected":false},"excerpt":{"rendered":"<p>Seit den 1980er Jahren besch\u00e4ftigen wir uns mit der Evaluation und Verbesserung von Drehb\u00fcchern. Unser Team bearbeitet pro Jahr rund 120 auf dem internationalen Filmmarkt angebotene Drehb\u00fccher | Treatments |&#8230;<\/p>\n","protected":false},"author":1,"featured_media":0,"parent":0,"menu_order":10,"comment_status":"closed","ping_status":"closed","template":"","meta":{"_acf_changed":false,"footnotes":""},"class_list":["post-154","page","type-page","status-publish","hentry","boxed-1000","gold"],"acf":[],"_links":{"self":[{"href":"https:\/\/www.dfkfilms.com\/de\/wp-json\/wp\/v2\/pages\/154","targetHints":{"allow":["GET"]}}],"collection":[{"href":"https:\/\/www.dfkfilms.com\/de\/wp-json\/wp\/v2\/pages"}],"about":[{"href":"https:\/\/www.dfkfilms.com\/de\/wp-json\/wp\/v2\/types\/page"}],"author":[{"embeddable":true,"href":"https:\/\/www.dfkfilms.com\/de\/wp-json\/wp\/v2\/users\/1"}],"replies":[{"embeddable":true,"href":"https:\/\/www.dfkfilms.com\/de\/wp-json\/wp\/v2\/comments?post=154"}],"version-history":[{"count":10,"href":"https:\/\/www.dfkfilms.com\/de\/wp-json\/wp\/v2\/pages\/154\/revisions"}],"predecessor-version":[{"id":2283,"href":"https:\/\/www.dfkfilms.com\/de\/wp-json\/wp\/v2\/pages\/154\/revisions\/2283"}],"wp:attachment":[{"href":"https:\/\/www.dfkfilms.com\/de\/wp-json\/wp\/v2\/media?parent=154"}],"curies":[{"name":"wp","href":"https:\/\/api.w.org\/{rel}","templated":true}]}}