{"id":239,"date":"2019-09-24T15:53:50","date_gmt":"2019-09-24T13:53:50","guid":{"rendered":"https:\/\/www.dfkfilms.com\/?page_id=239"},"modified":"2022-05-17T14:38:38","modified_gmt":"2022-05-17T12:38:38","slug":"methode","status":"publish","type":"page","link":"https:\/\/www.dfkfilms.com\/de\/script-service\/methode\/","title":{"rendered":"SSO-Methode | *40-Steps-Methode"},"content":{"rendered":"<h6>Pr\u00e4misse: Das Drehbuch ist der Film auf Papier. Es beinhaltet eine Geschichte, die f\u00fcr das Medium Film adaptiert ist. Das hei\u00dft, dass sie dramatisch \u2013 also spannend und vollst\u00e4ndig \u2013 sowie m\u00f6glichst visuell erz\u00e4hlt wird.<\/h6>\n","protected":false},"excerpt":{"rendered":"<p>Pr\u00e4misse: Das Drehbuch ist der Film auf Papier. Es beinhaltet eine Geschichte, die f\u00fcr das Medium Film adaptiert ist. Das hei\u00dft, dass sie dramatisch \u2013 also spannend und vollst\u00e4ndig \u2013&#8230;<\/p>\n","protected":false},"author":1,"featured_media":0,"parent":154,"menu_order":20,"comment_status":"closed","ping_status":"closed","template":"","meta":{"_acf_changed":false,"footnotes":""},"class_list":["post-239","page","type-page","status-publish","hentry","boxed-1000","gold"],"acf":[],"_links":{"self":[{"href":"https:\/\/www.dfkfilms.com\/de\/wp-json\/wp\/v2\/pages\/239","targetHints":{"allow":["GET"]}}],"collection":[{"href":"https:\/\/www.dfkfilms.com\/de\/wp-json\/wp\/v2\/pages"}],"about":[{"href":"https:\/\/www.dfkfilms.com\/de\/wp-json\/wp\/v2\/types\/page"}],"author":[{"embeddable":true,"href":"https:\/\/www.dfkfilms.com\/de\/wp-json\/wp\/v2\/users\/1"}],"replies":[{"embeddable":true,"href":"https:\/\/www.dfkfilms.com\/de\/wp-json\/wp\/v2\/comments?post=239"}],"version-history":[{"count":5,"href":"https:\/\/www.dfkfilms.com\/de\/wp-json\/wp\/v2\/pages\/239\/revisions"}],"predecessor-version":[{"id":2142,"href":"https:\/\/www.dfkfilms.com\/de\/wp-json\/wp\/v2\/pages\/239\/revisions\/2142"}],"up":[{"embeddable":true,"href":"https:\/\/www.dfkfilms.com\/de\/wp-json\/wp\/v2\/pages\/154"}],"wp:attachment":[{"href":"https:\/\/www.dfkfilms.com\/de\/wp-json\/wp\/v2\/media?parent=239"}],"curies":[{"name":"wp","href":"https:\/\/api.w.org\/{rel}","templated":true}]}}