{"id":246,"date":"2019-09-24T15:59:39","date_gmt":"2019-09-24T13:59:39","guid":{"rendered":"https:\/\/www.dfkfilms.com\/?page_id=246"},"modified":"2020-01-06T17:25:41","modified_gmt":"2020-01-06T16:25:41","slug":"entstehungsgeschichte-methode","status":"publish","type":"page","link":"https:\/\/www.dfkfilms.com\/de\/script-service\/entstehungsgeschichte-methode\/","title":{"rendered":"Genese der SSO-Methode | *40-Steps-Methode"},"content":{"rendered":"<p>Mitte der 1970er Jahre, zu den besten Zeiten des Filmkollektivs Z\u00fcrich, f\u00e4llten unsere Gr\u00fcnder*innen ihre Entscheidungen f\u00fcr das Produzieren und Verleihen von Filmen rein pers\u00f6nlich und emotional. Sie hatten keine Ahnung, wie sie Drehb\u00fccher einsch\u00e4tzen sollten. Erst nach rund 20 produzierten Filmen und etwa 300, die sie in der Schweiz und weltweit ausgewertet hatten, fragten sie sich, warum die meisten ihrer formal und politisch wichtigen Filme Flops waren. Das Gef\u00fchl \u2013 und auch die \u00f6konomische Notwendigkeit \u2013 herauszufinden, was ein Film wirklich ist, wurde immer st\u00e4rker. Ende der 1980er Jahre traf Donat F. Keusch auf Franti\u0161ek \u201eFrank\u201c Daniel \u2013 eine entscheidende Begegnung.<\/p>\n","protected":false},"excerpt":{"rendered":"<p>Mitte der 1970er Jahre, zu den besten Zeiten des Filmkollektivs Z\u00fcrich, f\u00e4llten unsere Gr\u00fcnder*innen ihre Entscheidungen f\u00fcr das Produzieren und Verleihen von Filmen rein pers\u00f6nlich und emotional. Sie hatten keine&#8230;<\/p>\n","protected":false},"author":1,"featured_media":0,"parent":154,"menu_order":30,"comment_status":"closed","ping_status":"closed","template":"","meta":{"_acf_changed":false,"footnotes":""},"class_list":["post-246","page","type-page","status-publish","hentry","boxed-1000","light-gold"],"acf":[],"_links":{"self":[{"href":"https:\/\/www.dfkfilms.com\/de\/wp-json\/wp\/v2\/pages\/246","targetHints":{"allow":["GET"]}}],"collection":[{"href":"https:\/\/www.dfkfilms.com\/de\/wp-json\/wp\/v2\/pages"}],"about":[{"href":"https:\/\/www.dfkfilms.com\/de\/wp-json\/wp\/v2\/types\/page"}],"author":[{"embeddable":true,"href":"https:\/\/www.dfkfilms.com\/de\/wp-json\/wp\/v2\/users\/1"}],"replies":[{"embeddable":true,"href":"https:\/\/www.dfkfilms.com\/de\/wp-json\/wp\/v2\/comments?post=246"}],"version-history":[{"count":2,"href":"https:\/\/www.dfkfilms.com\/de\/wp-json\/wp\/v2\/pages\/246\/revisions"}],"predecessor-version":[{"id":1825,"href":"https:\/\/www.dfkfilms.com\/de\/wp-json\/wp\/v2\/pages\/246\/revisions\/1825"}],"up":[{"embeddable":true,"href":"https:\/\/www.dfkfilms.com\/de\/wp-json\/wp\/v2\/pages\/154"}],"wp:attachment":[{"href":"https:\/\/www.dfkfilms.com\/de\/wp-json\/wp\/v2\/media?parent=246"}],"curies":[{"name":"wp","href":"https:\/\/api.w.org\/{rel}","templated":true}]}}