{"id":458,"date":"2019-10-02T14:52:26","date_gmt":"2019-10-02T12:52:26","guid":{"rendered":"https:\/\/www.dfkfilms.com\/?page_id=458"},"modified":"2020-01-06T17:29:54","modified_gmt":"2020-01-06T16:29:54","slug":"le-chemin-perdu","status":"publish","type":"page","link":"https:\/\/www.dfkfilms.com\/de\/filme\/le-chemin-perdu\/","title":{"rendered":"LE CHEMIN PERDU"},"content":{"rendered":"<h3><a class=\"thickbox\" href=\"https:\/\/www.dfkfilms.com\/de\/wp-content\/uploads\/sites\/2\/2019\/09\/le-chemin-perdue-plakat-fr.jpg\"><img loading=\"lazy\" decoding=\"async\" class=\"alignright wp-image-265 size-medium\" src=\"https:\/\/www.dfkfilms.com\/de\/wp-content\/uploads\/sites\/2\/2019\/09\/le-chemin-perdue-plakat-fr-300x400.jpg\" alt=\"\" width=\"300\" height=\"400\" srcset=\"https:\/\/www.dfkfilms.com\/de\/wp-content\/uploads\/sites\/2\/2019\/09\/le-chemin-perdue-plakat-fr-300x400.jpg 300w, https:\/\/www.dfkfilms.com\/de\/wp-content\/uploads\/sites\/2\/2019\/09\/le-chemin-perdue-plakat-fr.jpg 651w\" sizes=\"auto, (max-width: 300px) 100vw, 300px\" \/><\/a>DIE VERLORENE ZEIT | THE LOST WAY<\/h3>\n<p>Schweiz | Frankreich | Belgien 1980, 107 Minuten<\/p>\n<p>Regie Patricia Moraz | Drehbuch Patricia Moraz mit Serge Schoukine<\/p>\n<div class=\"col-xs-12 col-sm-offset-1 col-sm-10 col-md-offset-0 col-md-8\">\n<p>Ein pensionierter Uhrmacher, der den revolution\u00e4ren Kampf gegen Rechts nie aufgegeben hat, ist die wichtigste Bezugsperson f\u00fcr seine beiden Enkelkinder. Ihre Eltern belasten Geldsorgen und eine Beziehungskrise. Der Tod des Gro\u00dfvaters, der immer noch die Welt verbessern wollte, l\u00f6st Krisen aus. Er l\u00e4sst vor allem seine kleine Enkelin C\u00e9cile den Schritt vom Kind zum Erwachsensein tun. Komplex und gepr\u00e4gt von politischem Engagement, thematisiert der Film politische Vergangenheit, Gegenwarts\u00e4ngste und Zukunftshoffnungen im Schweizer Jura der 1970er Jahre.<\/p>\n<\/div>\n<p>&nbsp;<\/p>\n<h3>Pressestimme<\/h3>\n<p>Corinne Schelbert FEMINA, 20.02.1980<\/p>\n<p>\u2026 kinowirksame Mischung aus Innerlichkeit, Intellektualit\u00e4t, und melodramatischem Gehalt. Ein kleines M\u00e4dchen, von seinen in eine gro\u00dfe Leidenschaft verstrickten Eltern ganz sich selbst \u00fcberlassen, den j\u00fcngeren Bruder besch\u00fctzend hinter sich herziehend, wird ganz pl\u00f6tzlich erwachsen. Behutsam zeichnet Moraz die Stufen einer erzwungenen und schmerzhaften Abkehr von der Kindlichkeit nach und l\u00e4sst uns die Welt durch die Augen des M\u00e4dchens sehen. LE CHEMIN PERDU ist ein ausgewachsener Kinofilm, der trotz seiner Oberfl\u00e4chensch\u00f6nheit nie an Tiefgang verliert.<\/p>\n<p>(\u2026) ein Film von einer Frau, die formales Bewusstsein und dramaturgische Sicherheit mit einer sehr weiblichen Poesie verbindet.<\/p>\n<h4><\/h4>\n<div id=\"attachment_776\" style=\"width: 310px\" class=\"wp-caption alignright\"><a class=\"thickbox\" href=\"https:\/\/www.dfkfilms.com\/de\/wp-content\/uploads\/sites\/2\/2019\/10\/presseheft-lcp-deutsch-cover-e1570624433488.jpg\"><img loading=\"lazy\" decoding=\"async\" aria-describedby=\"caption-attachment-776\" class=\"wp-image-776 size-medium\" src=\"https:\/\/www.dfkfilms.com\/de\/wp-content\/uploads\/sites\/2\/2019\/10\/presseheft-lcp-deutsch-cover-e1570624433488-300x416.jpg\" alt=\"\" width=\"300\" height=\"416\" srcset=\"https:\/\/www.dfkfilms.com\/de\/wp-content\/uploads\/sites\/2\/2019\/10\/presseheft-lcp-deutsch-cover-e1570624433488-300x416.jpg 300w, https:\/\/www.dfkfilms.com\/de\/wp-content\/uploads\/sites\/2\/2019\/10\/presseheft-lcp-deutsch-cover-e1570624433488-1024x1419.jpg 1024w, https:\/\/www.dfkfilms.com\/de\/wp-content\/uploads\/sites\/2\/2019\/10\/presseheft-lcp-deutsch-cover-e1570624433488-768x1064.jpg 768w, https:\/\/www.dfkfilms.com\/de\/wp-content\/uploads\/sites\/2\/2019\/10\/presseheft-lcp-deutsch-cover-e1570624433488.jpg 1386w\" sizes=\"auto, (max-width: 300px) 100vw, 300px\" \/><\/a><p id=\"caption-attachment-776\" class=\"wp-caption-text\">Presseheft LE CHEMIN PERDU Cover<\/p><\/div>\n<h4><a href=\"https:\/\/www.dfkfilms.com\/de\/wp-content\/uploads\/sites\/2\/2019\/10\/presseheft-lcp-deutsch.pdf\">Presseheft LE CHEMIN PERDU deutsch<\/a><\/h4>\n<p>&nbsp;<\/p>\n<p>&nbsp;<\/p>\n<h3>Cast &amp; Crew<\/h3>\n<div class=\"link-list reference-list\">\n<ul>\n<li><strong>Charles Vanel <\/strong>L\u00e9on<\/li>\n<li><strong>Delphine Seyrig <\/strong>Mathilde<\/li>\n<li><strong>Magali No\u00ebl <\/strong>Maria<\/li>\n<li><strong>Vania Vilers <\/strong>F\u00e9lix<\/li>\n<li><strong>Clarisse Barr\u00e8re <\/strong>C\u00e9cile<\/li>\n<li><strong>Charles Dudoignon <\/strong>Pierre<\/li>\n<li><strong>Juliette Faber <\/strong>Mme Traber<\/li>\n<li><strong>Christine Pascal <\/strong>Liza<\/li>\n<\/ul>\n<p>&nbsp;<\/p>\n<ul>\n<li>Drehbuch <strong>Patricia Moraz<\/strong> mit <strong>Serge Schoukine<\/strong><\/li>\n<li>Regie <strong>Patricia Moraz<\/strong><\/li>\n<li>Kamera <strong>Sacha Vierny <\/strong><\/li>\n<li>Ton <strong>Ricardo Castro <\/strong><\/li>\n<li>Musik <strong>Patrick Moraz<\/strong><\/li>\n<li>Ausstattung <strong>Pierre Gattoni et Alain Nicolet<br \/>\n<\/strong><\/li>\n<li>Schnitt <strong>Thierry Derocles<\/strong><\/li>\n<li><strong>Produktion<\/strong> Cactus Film AG \/ Abil\u00e8ne Productions \/ Saga Cin\u00e9ma \/ F3<\/li>\n<\/ul>\n<\/div>\n<p>&nbsp;<\/p>\n<h4><\/h4>\n<div id=\"attachment_777\" style=\"width: 310px\" class=\"wp-caption alignright\"><a class=\"thickbox\" href=\"https:\/\/www.dfkfilms.com\/de\/wp-content\/uploads\/sites\/2\/2019\/10\/paticia-moraz-1977-dreharbeiten-lisel.jpg\"><img loading=\"lazy\" decoding=\"async\" aria-describedby=\"caption-attachment-777\" class=\"wp-image-777 size-medium\" src=\"https:\/\/www.dfkfilms.com\/de\/wp-content\/uploads\/sites\/2\/2019\/10\/paticia-moraz-1977-dreharbeiten-lisel-300x213.jpg\" alt=\"\" width=\"300\" height=\"213\" srcset=\"https:\/\/www.dfkfilms.com\/de\/wp-content\/uploads\/sites\/2\/2019\/10\/paticia-moraz-1977-dreharbeiten-lisel-300x213.jpg 300w, https:\/\/www.dfkfilms.com\/de\/wp-content\/uploads\/sites\/2\/2019\/10\/paticia-moraz-1977-dreharbeiten-lisel-768x546.jpg 768w, https:\/\/www.dfkfilms.com\/de\/wp-content\/uploads\/sites\/2\/2019\/10\/paticia-moraz-1977-dreharbeiten-lisel.jpg 800w\" sizes=\"auto, (max-width: 300px) 100vw, 300px\" \/><\/a><p id=\"caption-attachment-777\" class=\"wp-caption-text\">Patricia Moraz am Set von LES INDIENS SONT ENCORE LOINS<\/p><\/div>\n<h4><a href=\"https:\/\/www.cinematheque.ch\/d\/nachrichten\/article\/zum-tod-der-filmerin-patricia-moraz\/\">Nachruf auf Paticia Moraz<\/a><\/h4>\n<p>&nbsp;<\/p>\n","protected":false},"excerpt":{"rendered":"<p>DIE VERLORENE ZEIT | THE LOST WAY Schweiz | Frankreich | Belgien 1980, 107 Minuten Regie Patricia Moraz | Drehbuch Patricia Moraz mit Serge Schoukine Ein pensionierter Uhrmacher, der den&#8230;<\/p>\n","protected":false},"author":2,"featured_media":0,"parent":156,"menu_order":6,"comment_status":"closed","ping_status":"closed","template":"","meta":{"_acf_changed":false,"footnotes":""},"class_list":["post-458","page","type-page","status-publish","hentry","boxed-1000","light-gold"],"acf":[],"_links":{"self":[{"href":"https:\/\/www.dfkfilms.com\/de\/wp-json\/wp\/v2\/pages\/458","targetHints":{"allow":["GET"]}}],"collection":[{"href":"https:\/\/www.dfkfilms.com\/de\/wp-json\/wp\/v2\/pages"}],"about":[{"href":"https:\/\/www.dfkfilms.com\/de\/wp-json\/wp\/v2\/types\/page"}],"author":[{"embeddable":true,"href":"https:\/\/www.dfkfilms.com\/de\/wp-json\/wp\/v2\/users\/2"}],"replies":[{"embeddable":true,"href":"https:\/\/www.dfkfilms.com\/de\/wp-json\/wp\/v2\/comments?post=458"}],"version-history":[{"count":3,"href":"https:\/\/www.dfkfilms.com\/de\/wp-json\/wp\/v2\/pages\/458\/revisions"}],"predecessor-version":[{"id":1837,"href":"https:\/\/www.dfkfilms.com\/de\/wp-json\/wp\/v2\/pages\/458\/revisions\/1837"}],"up":[{"embeddable":true,"href":"https:\/\/www.dfkfilms.com\/de\/wp-json\/wp\/v2\/pages\/156"}],"wp:attachment":[{"href":"https:\/\/www.dfkfilms.com\/de\/wp-json\/wp\/v2\/media?parent=458"}],"curies":[{"name":"wp","href":"https:\/\/api.w.org\/{rel}","templated":true}]}}