{"id":473,"date":"2019-10-04T23:53:54","date_gmt":"2019-10-04T21:53:54","guid":{"rendered":"https:\/\/www.dfkfilms.com\/?page_id=473"},"modified":"2020-01-06T17:32:06","modified_gmt":"2020-01-06T16:32:06","slug":"some-like-it-hot-sso","status":"publish","type":"page","link":"https:\/\/www.dfkfilms.com\/de\/beispiele\/some-like-it-hot-sso\/","title":{"rendered":"SOME LIKE IT HOT (SSO)"},"content":{"rendered":"<h6>Ausf\u00fchrliche Story-Step-Outline<\/h6>\n<h3>Drehbuch: Billy Wilder und I.A.L. Diamond<\/h3>\n<h5>Die ausf\u00fchrlche Story-Step-Outline (SSO) dieses gro\u00dfen Filmklassikers hat dfk*films f\u00fcr die Lehre erstellt.<\/h5>\n<p>In Klammern finden Sie die Szenen-Nummern, wie sie in der Drehbuchfassung vom 12.11.1958, Ashton Productions, Hollywood, CA, verwendet wurden.<\/p>\n<p>&nbsp;<\/p>\n<p><strong>01<\/strong> (1-2)\u00a0 Die Polizei beschie\u00dft in voller Fahrt einen Leichenwagen mit Gangstern. Die Gangster liefern den angeschossenen Sarg voller Whiskyflaschen im Beerdigungsinstitut Mozarella ab, wo sie von Spats Colombo in Empfang genommen werden. Die Polizei kreist das Geb\u00e4ude ein. Agent Mulligan erh\u00e4lt vom Gangster Toothpick Charlie das Passwort und die Zutrittskarte zur geheimen Spelunke von Spats Columbo, die sich in Mozarella\u2019s Beerdigungsinstitut befindet.<\/p>\n<p><strong>Step<\/strong>: Verrat von Toothpick Charlie.<\/p>\n<p>&nbsp;<\/p>\n<p><strong>02<\/strong> (3-6)\u00a0 Mulligan bestellt in dem &#8222;Speakeasy&#8220; (Fl\u00fcsterkneipe) einen &#8222;Scotch coffee&#8220;. Eine Band spielt und eine M\u00e4dchentruppe tanzt heissen Charleston. Der Bassgeiger Jerry und der Saxophonist Joe freuen sich \u00fcber das Honorar, das sie nach Monaten der Arbeitslosigkeit an diesem Abend bekommen werden. Jerry will zum Zahnarzt, aber Joe will das Geld mittels einer todsicheren Hunderennenwette vervielfachen. Sie bemerken, dass Mulligan ein Polizeiagent ist und packen sofort ihre Instrumente ein. Die Polizei st\u00fcrmt das Lokal, Mulligan nimmt Spats Colombo und seine Gangster fest, Joe und Jerry k\u00f6nnen im Durcheinander fliehen. Joe versetzt nun ihre Winterm\u00e4ntel, um den Wett-Tipp doch noch erfolgreich einl\u00f6sen zu k\u00f6nnen. Der Tipp war eine Niete und sie schlagen sich im kalten Winterschneesturm von Chicago zum Musikagenten-Geb\u00e4ude durch.<\/p>\n<p><strong>Step<\/strong>: Joe und Jerry verspielen alles, sind pleite und frieren.<\/p>\n<p>&nbsp;<\/p>\n<p><strong>03<\/strong> (7-8)\u00a0 Keine der Agenturen hat Arbeit f\u00fcr sie, bis die von Joe versetzte Nelly, Sekret\u00e4rin der Poliakoff-Agentur, verk\u00fcndet, dass f\u00fcr ein Gastspiel in Florida eine Bass-geige und ein Saxophon gesucht werden.<\/p>\n<p><strong>Step<\/strong>: Hoffnung auf einen Job im warmen Florida.<\/p>\n<p>&nbsp;<\/p>\n<p><strong>04<\/strong> (9)\u00a0 Bienstock und Sweet Sue suchen f\u00fcr ihre Frauen-Band dringend einen Bass und ein Sax. Poliakoff telefoniert erfolglos herum. Die beiden Band-Chefs verlassen genervt das B\u00fcro, w\u00e4hrend Joe und Jerry reinschleichen. Die Beiden erfahren, dass zwei Musikerinnen gesucht werden. Jerry ist bereit, sich als Frau zu verkleiden: Auftritt als Josephine und Geraldine. Joe ist entsetzt.<\/p>\n<p><strong>Step<\/strong>: \u00a0Den einzig guten Job gibt es nur f\u00fcr Frauen.<\/p>\n<p>&nbsp;<\/p>\n<p><strong>05<\/strong> (10-11)\u00a0 Poliakoff offeriert den beiden Musikern einen Auftritt am St. Valentins Tanz an einer 100 Meilen entfernten Universit\u00e4t. Joe nimmt an und leiht bei Nelly mit eindeutigen Versprechungen deren Wagen aus.<\/p>\n<p><strong>Step<\/strong>: Sie leihen sich den Wagen aus, der in Charlie\u2019s Garage steht.<\/p>\n<p>&nbsp;<\/p>\n<p><strong>06<\/strong> (12)\u00a0 Toothpick Charlie und seine Gangster spielen Karten, als die beiden Musiker mit ihren Instrumentenkasten die Garage betreten. Sofort werden sie durchsucht. Sie lassen auf Kosten von Nelly auftanken, als pl\u00f6tzlich Spats Colombo mit grossem Get\u00f6se in die Garage reindonnert und Toothpick Charlie samt seinen Helfern niedermetzelt. Spats entdeckt die Augenzeugen Joe und Jerry. Er will sie erschiessen lassen, als es dem schwer verletzten Toothpick Charlie gelingt, mit letzter Kraft die Polizei anzurufen. Die beiden Musiker nutzen die Verwirrung und hauen ab, die Polizeisirenen ert\u00f6nen und Spats bl\u00e4st zum R\u00fcckzug, er will sich sp\u00e4ter um die beiden Zeugen k\u00fcmmern.<\/p>\n<p>&nbsp;<\/p>\n<p><strong>07<\/strong> (13-14)\u00a0 Joe und Jerry haben Todesangst, da die Gangster ihr Aussehen kennen und in Jerry\u2019s Bassgeige L\u00f6cher geschossen haben. Joe ruft mit verstellter, hoher Stimme Poliakoff an und verpflichtet sich und Geraldine (Jerry) f\u00fcr den Florida-Job in der Frauenband.<\/p>\n<p><strong>Step<\/strong>: Joe und Jerry m\u00fcssen sich sofort verkleiden und abhauen.<\/p>\n<p>&nbsp;<\/p>\n<p><strong>08<\/strong> (15)\u00a0 Auf dem Bahnsteig studieren sie, wie Frauen sich bewegen und wundern sich, dass die mit hochhackigen Schuhen gehen k\u00f6nnen. Sie bezweifeln, dass sie als Frauen durchgehen werden. Joe stellt sich bei Bienstock und Sweet Sue als Josephine vor und Jerry nennt sich entgegen aller Abmachungen pl\u00f6tzlich Daphne. Sie gehen problemlos als Frauen durch und bekommen eine zweist\u00f6ckige Schlafkoje zugewiesen.<\/p>\n<p><strong>Step<\/strong>: Joe und Jerry werden als Musikerinnen in die Band auf- und nach Florida mitgenommen.<\/p>\n<p>&nbsp;<\/p>\n<p><strong>09<\/strong> (16-17)\u00a0 Jerry (Daphne) f\u00fchlt sich unter all den h\u00fcbschen Frauen wie im Paradies. Joe (Josephine) weist ihn zurecht, Jerry&#8217;s &#8222;Brust&#8220; l\u00f6st sich und verrutscht. In der Damen-toilette treffen sie auf Sugar Cane (Sugar Kowalczyk), die am verbotenen Whiskytrinken ist, sich als Verliererin f\u00fchlt und auf der Flucht ist. Jerry verliebt sich in sie. Joe weist ihn zurecht.<\/p>\n<p><strong>Step<\/strong>: Joe und Jerry lernen die umwerfende Sugar Cane kennen.<\/p>\n<p>&nbsp;<\/p>\n<p><strong>10<\/strong> (18-19)\u00a0 Die Band \u00fcbt in der neuen Besetzung im Zugwagen. Joe (Josephine) und Jerry (Daphne) spielen sich sehr schnell rein, als sich pl\u00f6tzlich aus Sugar&#8217;s Strumpfband der Whiskey-Flachmann l\u00f6st und zu Boden f\u00e4llt. Sweet Sue und Bienstock wollen Sugar bei der n\u00e4chsten Station rauswerfen, als Jerry (Daphne) v\u00f6llig selbstverst\u00e4ndlich &#8222;ihren&#8220; Flachmann zur\u00fcckverlangt. So erfahren sie, dass Sweet Sue keinen Alkohol und keine M\u00e4nner in und um die Band duldet. Sugar schenkt Jerry (Daphne) ihr bezaubernstes L\u00e4cheln.<\/p>\n<p><strong>Step<\/strong>: Die Beiden spielen sich in die Band und Jerry hilft Sugar.<\/p>\n<p>&nbsp;<\/p>\n<p><strong>11<\/strong> (20-22)\u00a0 Jerry (Daphne) kann sich nicht satt sehen an den h\u00fcbschen Frauen, die in ihre Schlafkojen schl\u00fcpfen. Joe (Josephine) nimmt ihm die Leiter weg. Jerry wiederholt permanent, dass er ein M\u00e4dchen ist.<\/p>\n<p><strong>Step<\/strong>: Jerry muss lernen, dass er ein M\u00e4dchen ist.<\/p>\n<p>&nbsp;<\/p>\n<p><strong>12<\/strong> (23)\u00a0 Als alle eingeschlafen sind, streckt Sugar ihren Kopf in Jerry&#8217;s (Daphne&#8217;s) Koje und bedankt sich f\u00fcr die Hilfe. Sie versteckt sich bei ihm, als Sweet Sue zur Toilette geht. Jerry ist kurz vor dem Kollaps zwischen seiner Lust auf Sugar und dem Aufrechterhalten der Maskerade, als andere M\u00e4dchen an dieser Kojenparty teilnehmen wollen. Joe (Josephine) erwacht und will alle wegschicken, wird aber von Sugar in die Damentoilette mitgenommen, um Eisw\u00fcrfel aus einem Block zu brechen.<\/p>\n<p><strong>Step<\/strong>: Jerry will sich Sugar offenbaren, wird aber von den M\u00e4dchen und von Joe daran gehindert.<\/p>\n<p>&nbsp;<\/p>\n<p><strong>13<\/strong> (24)\u00a0 Josephine (Joe) erf\u00e4hrt, dass Sugar vor M\u00e4nner-Bands auf der Flucht ist, weil sie Saxophon-Spielern nicht widerstehen kann. Sie ist froh, dass Sax-Josephine ein M\u00e4dchen ist. In Florida will sie sich einen Million\u00e4r mit dicken Brillengl\u00e4sern angeln.<\/p>\n<p><strong>Step<\/strong>: Joe verliebt sich in Sugar und erf\u00e4hrt eines ihrer Geheimnisse.<\/p>\n<p>&nbsp;<\/p>\n<p><strong>14<\/strong> (25-28) Die Party in Jerry&#8217;s (Daphne&#8217;s) Koje wird immer wilder, Jerry bekommt einen starken Schluckauf und zieht die Notbremse. Die M\u00e4dchen fallen aus seiner Koje und Sugar auf Josephine (Joe).<\/p>\n<p><strong>Step<\/strong>: Bevor alles auffliegt, zieht Jerry die Notbremse.<\/p>\n<p>&nbsp;<\/p>\n<p><strong>15<\/strong> (29-32)\u00a0 Sweet Sue, Bienstock und der Zugf\u00fchrer erfahren von Jerry (Daphne), dass er einen Albtraum hatte und darum die Bremse zog. Sugar geht in Joe&#8217;s Koje, weil ihre neben derjenigen vom schnarchenden Bienstock liegt, was Joe nichts ausmacht. Jerry schleicht zu Sugar&#8217;s Koje und erkl\u00e4rt sich ihr. Als er von Joe, der in dieser Koje liegt, am Nachtgewand gepackt und durchgesch\u00fcttelt wird, hofft er, dass sein Freund keine Frauen schl\u00e4gt.<\/p>\n<p><strong>Step<\/strong>: Joe verhindert, dass der liebestrunkene Jerry der sch\u00f6nen Sugar die Maskerade verr\u00e4t.<\/p>\n<p>&nbsp;<\/p>\n<p><strong>16<\/strong> (33-34)\u00a0 Jerry (Daphne) will Sugar&#8217;s Instrument tragen und erh\u00e4lt auch das von Joe (Josephine). Die erwarteten Million\u00e4re sitzen aufgereiht auf der Terrasse des Hotels und Osgood Fielding III ist der erste. Er hilft dem stolpernden Jerry (Daphne) und tr\u00e4gt nun alles. Als er sich im Fahrstuhl an Jerry (Daphne) heranmacht, wird er von diesem geohrfeigt und herausgeworfen.<\/p>\n<p><strong>Step<\/strong>: Joe trickst Jerry aus, in den sich Osgood verguckt.<\/p>\n<p>&nbsp;<\/p>\n<p><strong>17<\/strong> (35-36)\u00a0 Joe (Josephine) wird vom Hotelpagen angemacht, der sie unverholen zum Gin einl\u00e4dt. Jerry (Daphne) regt sich \u00fcber die Behandlung von Frauen durch M\u00e4nner (Osgood) auf und will die Maskerade aufgeben. Joe erinnert ihn daran, dass sie pleite sind und Spats Colombo alle M\u00e4nnerbands im Lande nach ihnen absucht. Jerry vermutet, dass Joe hinter Sugar her ist. Bienstock sucht seinen Koffer und seine Brille, Sugar ihre Ukulele, die sie von Jerry (Daphne) erh\u00e4lt. Sie l\u00e4dt die beiden Neuen zum Schwimmen mit den anderen M\u00e4dchen im Meer ein. Daphne (Jerry) will sich ein Badekleid ausleihen und Josephine (Joe) will im Zimmer bleiben. Jerry beschreibt ihm wie sich Sugar und er gegenseitig mit Sonnenlotion einreiben werden.<\/p>\n<p><strong>Step<\/strong>: Joe und Jerry machen die ersten Erfahrungen mit &#8222;M\u00e4nnern&#8220;. Jerry will Sugar.<\/p>\n<p>&nbsp;<\/p>\n<p><strong>18<\/strong> (37)\u00a0 Jerry (Daphne) spielt mit den M\u00e4dchen Wasserball. Joe schlendert in Bienstocks Kapit\u00e4nskleidern am Strand entlang, verjagt einen Jungen und beh\u00e4lt dessen Muschel-sammlung. Er macht es sich im Strandkorb bequem, als Sugar nach dem Ball rennend vor ihm zu Fall kommt, weil er sein Bein ausgestreckt hat. Er liest das Wallstreet-Journal und tr\u00e4gt eine dicke Brille, genau so, wie sich Sugar einen Million\u00e4r vorstellt. Sie findet heraus, dass er unverheiratet ist, eine Yacht besitzt und sogar, dass er ein Shell-Erbe ist. Jerry (Daphne) holt sie ab, erkennt Joe und rennt mit ihr zur\u00fcck zum Hotel, um Josephine die Neuigkeit von Sugar&#8217;s Begegnung mit einem Million\u00e4r zu erz\u00e4hlen.<\/p>\n<p><strong>Step<\/strong>: In Bienstock&#8217;s Kapit\u00e4nskleidern gibt sich Joe am Strand als Shell-Erbe aus und bandelt erfolgreich mit Sugar an.<\/p>\n<p>&nbsp;<\/p>\n<p><strong>19<\/strong> (38-47)\u00a0 Raum 413 ist wie erwartet leer, Jerry (Daphne) wartet triumphierend auf Joe&#8217;s (Josephine&#8217;s) R\u00fcckkehr. Doch der (die) ist unter einem Schaumberg in der Bade-wanne und singt. Sugar erz\u00e4hlt Josephine von ihrer Begegnung mit dem Shell-Erben und dass er zum Konzert kommen wird. Sie muss ihrer Freundin das Zimmer aufschliessen. Joe steigt bedrohlich und voll angezogen aus der Badewanne und will sich auf Jerry st\u00fcrzen, als das Telefon klingelt. Joe meldet sich mit Frauenstimme.<\/p>\n<p>Step: Der eifers\u00fcchtige Jerry versucht, Joe bei Sugar als Betr\u00fcger zu entlarven.<\/p>\n<p>&nbsp;<\/p>\n<p><strong>20<\/strong> (41-47)\u00a0 Osgood l\u00e4dt Daphne (Jerry) zum Nachtessen nach der Show auf seiner leeren Yacht ein. Jerry will nicht hingehen, aber Joe und zwar mit Sugar. Jerry (Daphne) soll Osgood an Land festhalten, w\u00e4hrend Joe (Shell-Junior) sich mit Sugar auf der Yacht anfreundet.<\/p>\n<p><strong>Step<\/strong>: Joe \u00fcberredet Jerry, ihm zu helfen.<\/p>\n<p>&nbsp;<\/p>\n<p><strong>21<\/strong> (48-52)\u00a0 Sugar singt mit viel Gef\u00fchl &#8222;I Want To Be Loved By You&#8220; und Osgood schickt Bassgeige Jerry (Daphne) einen Korb voll Blumen, die Joe (Josephine) mit einer Karte von Shell-Junior versehen an Sugar weiterreicht, die sich \u00fcber die Einladung auf die Yacht freut. Joe hastet in sein Zimmer, verwandelt sich in Shell-Junior und rast mit einem Fahrrad an Jerry (Daphne) und Osgood vorbei zum Pier. Sugar rennt zur Bootanlegestelle. Osgood willigt ein, mit Jerry (Daphne) an Land zu bleiben und in ein Tanzlokal mit einer kubanischen Band zu gehen.<\/p>\n<p><strong>Step<\/strong>: Joe\/Shell-Junior und Sugar begeben sich auf die Yacht, Jerry\/Daphne und Osgood bleiben an Land.<\/p>\n<p>&nbsp;<\/p>\n<p><strong>22<\/strong> (53-55)\u00a0 Joe (Shell-Junior) bringt Sugar auf die Yacht. Sie ist beeindruckt von der Gr\u00f6sse und \u00fcbersieht all die Fehler, die der bootsunkundige Joe macht. Sie spielt mit und tut so, als mache ihr Vater in Eisenbahnen. Sie finden im Salon alles, was Osgood angek\u00fcndigt hatte.<\/p>\n<p><strong>Step<\/strong>: Joe\/Shell-Junior zeigt Sugar die Yacht, sie spielt mit.<\/p>\n<p>&nbsp;<\/p>\n<p><strong>23<\/strong> (56+58+60+62-64)\u00a0 Sugar hat Angst, dass Shell-Junior (Joe) die Situation ausn\u00fctzen k\u00f6nnte, aber er macht ihr klar, dass seit dem tragischen Unfall seiner Verlobten M\u00e4dchen keine Gef\u00fchle mehr bei ihm ausl\u00f6sen. Man hat mit allen m\u00f6glichen Frauen versucht, ihn zu kurieren, er war schon bei allen \u00c4rzten, sogar bei Dr. Freud in Wien, aber es hat nichts gebracht. Sugar f\u00fchlt sich herausgefordert und will es mit ihrer Methode versuchen. Er willigt ein und sie startet eine unglaubliche Kussorgie, bis ihm die Brillengl\u00e4ser beschlagen. Auf dem Weg zur\u00fcck zum Hotel begegnen sie Osgood, der ihnen zuwinkt und mit seinem Beiboot zur Yacht f\u00e4hrt. Shell-Junior (Joe) und Sugar verabschieden sich auf der Hoteltreppe mit heissen K\u00fcssen.<\/p>\n<p><strong>Step<\/strong>: Joe gewinnt als &#8222;kranker&#8220; Shell-Junior die Liebe von Sugar.<\/p>\n<p>&nbsp;<\/p>\n<p><strong>24<\/strong> (57+59+61)\u00a0 Jerry (Daphne) tanzt mit Osgood zur kubanischen Tangomusik, und f\u00fchrt. Osgood macht ihn (sie) darauf aufmerksam.<\/p>\n<p><strong>Step<\/strong>: Jerry h\u00e4lt Osgood von der Yacht fern und der Million\u00e4r verliebt sich in sie\/ihn.<\/p>\n<p>&nbsp;<\/p>\n<p><strong>25<\/strong> (65)\u00a0 Im Hotelzimmer erf\u00e4hrt Joe, dass Jerry (Daphne) mit Osgood verlobt ist. Er versucht, ihm klar zu machen, dass das nicht geht. Als Jerry endlich begreift, weiss er nicht, was er mit dem Armband machen soll, das ihm Osgood zur Verlobung geschenkt hat. Er will es zur\u00fcckgeben, aber Joe meint, dass man angesichts der echten Diamanten Osgood&#8217;s Gef\u00fchle nicht verletzen darf.<\/p>\n<p><strong>Step<\/strong>: Jerry\/Daphne verlobt sich mit dem Million\u00e4r Osgood und erh\u00e4lt ein sehr teures Geschenk.<\/p>\n<p>&nbsp;<\/p>\n<p><strong>26<\/strong> (65)\u00a0 Sugar ist \u00fcbergl\u00fccklich und schw\u00e4rmt bei Josephine (Joe) und Daphne (Jerry) \u00fcber das Treffen mit Shell-Junior auf der Yacht. Sie will Joe\/Josephine helfen, ebenfalls einen Million\u00e4r zu finden.<\/p>\n<p><strong>Step<\/strong>: Sugar hat sich total in Shell-Junior verliebt und denkt, dass er sie heiraten wird.<\/p>\n<p>&nbsp;<\/p>\n<p><strong>27<\/strong> (66)\u00a0 In der Hotellobby erscheinen Spats Colombo und seine Gangster, die am &#8222;Kongress zum 10j\u00e4hrigen Jubil\u00e4um der Freunde der italienischen Oper&#8220; teilnehmen. Polizeiagent Mulligan ist ebenfalls anwesend und fragt Spats \u00fcber das Valentin&#8217;s-Tag-Massaker und \u00fcber die Suche seiner Anw\u00e4lte nach den beiden Zeugen. Daphne (Jerry) f\u00fchlt sich billig, wenn sie (er) Osgood&#8217;s Diamantarmband behalten w\u00fcrde. Im Spiegel seiner (ihrer) Puderdose entdeckt Daphne (Jerry) Spats Colombo und seine M\u00e4nner.<\/p>\n<p><strong>Step<\/strong>: Die Spats-Colombo-Bande trifft im Hotel ein, Jerry\/Daphne sieht sie im Spiegel.<\/p>\n<p>&nbsp;<\/p>\n<p><strong>28<\/strong> (67)\u00a0 Josephine (Joe) und Daphne (Jerry) gehen sofort zum Fahrstuhl, den im letzten Moment auch die Gangster betreten. Die beiden Frauen kommen ihnen bekannt vor. Sie erkennen auf dem Schl\u00fcssel deren Zimmernummer.<\/p>\n<p><strong>Step<\/strong>: Den Gangstern kommen Josephine und Daphne bekannt vor.<\/p>\n<p>&nbsp;<\/p>\n<p><strong>29<\/strong> (68-69)\u00a0 Joe und Jerry packen ihre Sachen. Jerry will das Armband verkaufen und mit dem Geld in eine Bananenrepublik abhauen. Was er sonst bei Frauen nie tut, will er jetzt bei Sugar anst\u00e4ndig durchf\u00fchren: Joe will sich million\u00e4rsm\u00e4ssig verabschieden.<\/p>\n<p><strong>Step<\/strong>: Joe und Jerry wollen fliehen, aber Joe will sich anst\u00e4ndig von Sugar verabschieden.<\/p>\n<p>&nbsp;<\/p>\n<p><strong>30<\/strong> (70-82)\u00a0 Joe\/Shell Junior erz\u00e4hlt Sugar am Telefon, dass er nach Venezuela muss, um f\u00fcr eine Firmenfusion die Tochter des Pr\u00e4sidenten des dortigen \u00d6lsyndikats zu heiraten. Er fragt sie nach seinem Abschiedsgeschenk, das sie vor ihrer Zimmert\u00fcr findet. Es ist das Armband.<\/p>\n<p><strong>Step<\/strong>: Joe verabschiedet sich von Sugar und schenkt ihr Jerry&#8217;s Armband.<\/p>\n<p>&nbsp;<\/p>\n<p><strong>31 <\/strong>(83)\u00a0 Als sie gehen wollen, vermisst Jerry sein Armband, aber Joe versichert ihm, dass damit das Richtige gemacht worden ist. Sugar platzt aufgel\u00f6st in ihr Zimmer und sucht nach dem versteckten Whiskey. Jerry (Daphne) bemerkt sein Armband an Sugar, die mit der Whiskeyflasche zur\u00fcck in ihr Zimmer geht. Jerry scheisst Joe zusammen. Sie klettern mit ihren Instrumenten \u00fcber den Balkon nach unten.<\/p>\n<p><strong>Step<\/strong>: Jerry findet heraus, dass Joe als Shell Junior das Armband Sugar geschenkt hat.<\/p>\n<p>&nbsp;<\/p>\n<p><strong>32 <\/strong>(84)\u00a0 Spats erkl\u00e4rt seinen Gangstern, dass sie den Chef des Syndikats der &#8222;Freunde der italienschen Oper&#8220;, Little Bonaparte, dieses Mal ohne Zeugen wegpusten sollen. Draussen klettern Josephine (Joe) und Daphne (Jerry) mit ihren Instrumenten \u00fcber den Balkon runter. Spats wird klar, dass dies die beiden Musiker aus Chicago sein m\u00fcssen. Joe und Jerry rennen um ihr Leben.<\/p>\n<p><strong>Step<\/strong>: Die Spats-Bande entdeckt Joe und Jerry.<\/p>\n<p>&nbsp;<\/p>\n<p><strong>33<\/strong> (85-88)\u00a0 Joe und Jerry fliehen vor der Spats-Bande, kommen aber nicht aus dem Hotel heraus. Sie enden unter dem Tisch im Bankett-Saal, wo der Kongress der &#8222;Freunde der italienischen Oper&#8220; stattfindet. Little Bonaparte zieht eine Jahresbilanz und veranstaltet eine Schweigeminute f\u00fcr die ermordeten Br\u00fcder in Chicago.<\/p>\n<p><strong>Step<\/strong>: Die Flucht der beiden Musiker endet vorerst unter dem Tisch der Gangster.<\/p>\n<p>&nbsp;<\/p>\n<p><strong>34 <\/strong>(89-90)\u00a0 In einer riesigen Geburtstagstorte f\u00fcr Spats Colombo versteckt sich ein Gangster mit Maschinenpistole. Little Bonaparte kritisiert Spats wegen der Fehler bei der Zeugenbeseitigung in Chicago, verzeiht ihm aber und l\u00e4sst die Geburtstagstorte reinbringen. Als die Delegierten das Geburtstagslied singen, st\u00f6sst der Gangster durch den Tortendeckel und m\u00e4ht Spats und seine Bande nieder. Im Durcheinander fliehen Joe und Jerry aus dem Raum, werden aber von vier Gangstern verfolgt, w\u00e4hrend Polizei-agent Mulligan den Saal betritt.<\/p>\n<p><strong>Step<\/strong>: Joe und Jerry werden unfreiwillig Zeugen vom Mord an Spats und seiner Bande.<\/p>\n<p>&nbsp;<\/p>\n<p><strong>35<\/strong> (91)\u00a0 Joe und Jerry verwandeln sich erneut in Josephine und Daphne. Sie erfahren, dass die Gangster den Bahnhof, die Ausfallstrassen und den Flughafen \u00fcberwachen. Josephine (Joe) zwingt Daphne (Jerry), von der Telefonkabine in der Hotellobby Osgood anzurufen und ihn zu \u00fcberzeugen, mit ihr (ihm) durchzubrennen.<\/p>\n<p>Step: Joe und Jerry brauchen Osgood&#8217;s Yacht f\u00fcr die Flucht.<\/p>\n<p>&nbsp;<\/p>\n<p><strong>36<\/strong> (92)\u00a0 W\u00e4hrend Jerry telefoniert, h\u00f6rt Joe (Josephine) den traurigen Song &#8222;I&#8217;m Through With Love&#8220; von Sugar aus dem Ballsaal. Er schleicht sich hinunter und k\u00fcsst sie innig. Er wird von den Gangstern und Sweet Sue entdeckt und flieht. Sugar begreift.<\/p>\n<p><strong>Step<\/strong>: Joe outet sich bei Sugar durch den Abschiedskuss und beweist ihr unter Lebensgefahr seine Liebe.<\/p>\n<p>&nbsp;<\/p>\n<p><strong>37<\/strong> (93)\u00a0 Josephine (Joe) und Daphne (Jerry) verlassen das Hotel unter dem Tuch der fahrbaren Bahre, auf der Spats Leiche wegtransportiert wird.<\/p>\n<p><strong>Step<\/strong>: Joe und Jerry entkommen den Gangstern mit Hilfe des toten Spats Colombo.<\/p>\n<p>&nbsp;<\/p>\n<p><strong>38<\/strong> (94)\u00a0 Joe (Josephine) und Jerry (Daphne) treffen Osgood am Pier, springen ins Beiboot und wollen losfahren, als Sugar mit einem Fahrrad angesaust kommt und auch mit will.<\/p>\n<p><strong>Step<\/strong>: Osgood nimmt Daphne als Braut, Josephine als Trauzeugin und Sugar als Blumenm\u00e4dchen mit.<\/p>\n<p>&nbsp;<\/p>\n<p><strong>39<\/strong> (95) \u00a0\u00a0\u00a0\u00a0\u00a0\u00a0\u00a0\u00a0 Joe entlarvt sich als Saxonphonspieler, als Nichtsnutz und will, dass Sugar etwas Besseres bekommt. Die will aber ihn.<\/p>\n<p><strong>Step<\/strong>: Joe outet sich endg\u00fcltig als verant-wortungsbewusster Mann und steht zu dem, was er ist.<\/p>\n<p>&nbsp;<\/p>\n<p><strong>40<\/strong> (95)\u00a0 Osgood hat bereits mit seiner Mutter \u00fcber die Hochzeit gesprochen. Jerry (Daphne) z\u00e4hlt Gr\u00fcnde auf, weshalb er (sie) ihn nicht heiraten kann, aber Osgood l\u00e4sst nichts gelten. Also enth\u00fcllt sich Jerry als Mann, was Osgood mit der lengend\u00e4ren Feststellung &#8222;Well, nobody&#8217;s perfect.&#8220; kontert.<\/p>\n<p><strong>Step<\/strong>: Jerry outet sich ebenfalls, aber Osgood l\u00e4sst sich durch nichts von seinem Vorhaben abbringen.<\/p>\n","protected":false},"excerpt":{"rendered":"<p>Ausf\u00fchrliche Story-Step-Outline Drehbuch: Billy Wilder und I.A.L. Diamond Die ausf\u00fchrlche Story-Step-Outline (SSO) dieses gro\u00dfen Filmklassikers hat dfk*films f\u00fcr die Lehre erstellt. In Klammern finden Sie die Szenen-Nummern, wie sie in&#8230;<\/p>\n","protected":false},"author":2,"featured_media":0,"parent":767,"menu_order":0,"comment_status":"closed","ping_status":"closed","template":"","meta":{"_acf_changed":false,"footnotes":""},"class_list":["post-473","page","type-page","status-publish","hentry","boxed-1000","white"],"acf":[],"_links":{"self":[{"href":"https:\/\/www.dfkfilms.com\/de\/wp-json\/wp\/v2\/pages\/473","targetHints":{"allow":["GET"]}}],"collection":[{"href":"https:\/\/www.dfkfilms.com\/de\/wp-json\/wp\/v2\/pages"}],"about":[{"href":"https:\/\/www.dfkfilms.com\/de\/wp-json\/wp\/v2\/types\/page"}],"author":[{"embeddable":true,"href":"https:\/\/www.dfkfilms.com\/de\/wp-json\/wp\/v2\/users\/2"}],"replies":[{"embeddable":true,"href":"https:\/\/www.dfkfilms.com\/de\/wp-json\/wp\/v2\/comments?post=473"}],"version-history":[{"count":1,"href":"https:\/\/www.dfkfilms.com\/de\/wp-json\/wp\/v2\/pages\/473\/revisions"}],"predecessor-version":[{"id":1847,"href":"https:\/\/www.dfkfilms.com\/de\/wp-json\/wp\/v2\/pages\/473\/revisions\/1847"}],"up":[{"embeddable":true,"href":"https:\/\/www.dfkfilms.com\/de\/wp-json\/wp\/v2\/pages\/767"}],"wp:attachment":[{"href":"https:\/\/www.dfkfilms.com\/de\/wp-json\/wp\/v2\/media?parent=473"}],"curies":[{"name":"wp","href":"https:\/\/api.w.org\/{rel}","templated":true}]}}