{"id":767,"date":"2019-10-08T18:56:59","date_gmt":"2019-10-08T16:56:59","guid":{"rendered":"https:\/\/www.dfkfilms.com\/?page_id=767"},"modified":"2025-11-09T22:20:48","modified_gmt":"2025-11-09T21:20:48","slug":"beispiele","status":"publish","type":"page","link":"https:\/\/www.dfkfilms.com\/de\/beispiele\/","title":{"rendered":"Beispiele"},"content":{"rendered":"<h6>Hier finden Sie Beispiele aus unser Analyse- und Lehrpraxis.<\/h6>\n<h6>Aus Gr\u00fcnden der Diskretion k\u00f6nnen wir Evaluationen von Drehb\u00fcchern nur \u00f6ffentlich machen, die verfilmt worden sind und deren Kino-Auswertung zur\u00fcckliegt.<\/h6>\n","protected":false},"excerpt":{"rendered":"<p>Hier finden Sie Beispiele aus unser Analyse- und Lehrpraxis. Aus Gr\u00fcnden der Diskretion k\u00f6nnen wir Evaluationen von Drehb\u00fcchern nur \u00f6ffentlich machen, die verfilmt worden sind und deren Kino-Auswertung zur\u00fcckliegt.<\/p>\n","protected":false},"author":2,"featured_media":0,"parent":0,"menu_order":45,"comment_status":"closed","ping_status":"closed","template":"","meta":{"_acf_changed":false,"footnotes":""},"class_list":["post-767","page","type-page","status-publish","hentry","boxed-1000","white"],"acf":[],"_links":{"self":[{"href":"https:\/\/www.dfkfilms.com\/de\/wp-json\/wp\/v2\/pages\/767","targetHints":{"allow":["GET"]}}],"collection":[{"href":"https:\/\/www.dfkfilms.com\/de\/wp-json\/wp\/v2\/pages"}],"about":[{"href":"https:\/\/www.dfkfilms.com\/de\/wp-json\/wp\/v2\/types\/page"}],"author":[{"embeddable":true,"href":"https:\/\/www.dfkfilms.com\/de\/wp-json\/wp\/v2\/users\/2"}],"replies":[{"embeddable":true,"href":"https:\/\/www.dfkfilms.com\/de\/wp-json\/wp\/v2\/comments?post=767"}],"version-history":[{"count":10,"href":"https:\/\/www.dfkfilms.com\/de\/wp-json\/wp\/v2\/pages\/767\/revisions"}],"predecessor-version":[{"id":2597,"href":"https:\/\/www.dfkfilms.com\/de\/wp-json\/wp\/v2\/pages\/767\/revisions\/2597"}],"wp:attachment":[{"href":"https:\/\/www.dfkfilms.com\/de\/wp-json\/wp\/v2\/media?parent=767"}],"curies":[{"name":"wp","href":"https:\/\/api.w.org\/{rel}","templated":true}]}}