{"id":815,"date":"2019-10-10T23:37:04","date_gmt":"2019-10-10T21:37:04","guid":{"rendered":"https:\/\/www.dfkfilms.com\/?page_id=815"},"modified":"2020-07-17T17:01:26","modified_gmt":"2020-07-17T15:01:26","slug":"genesis","status":"publish","type":"page","link":"https:\/\/www.dfkfilms.com\/de\/filme\/genesis\/","title":{"rendered":"GENESIS"},"content":{"rendered":"<p><img loading=\"lazy\" decoding=\"async\" class=\"alignright wp-image-816 size-full\" src=\"https:\/\/www.dfkfilms.com\/de\/wp-content\/uploads\/sites\/2\/2019\/10\/genesis-poster.jpg\" alt=\"\" width=\"275\" height=\"363\" \/> Frankreich | Indien | Belgien | Schweiz | 1986 | 105 Minuten | Hindi | 35 mm | 2940 m | 1:1,85 | Eastmancolor<\/p>\n<p>Ein Film von <strong>Mrinal Sen<\/strong><\/p>\n<h6>Elend sind die Armen und Sanftm\u00fctigen, denn sie werden die Erde nicht besitzen.<\/h6>\n<p>Auf der Suche nach einem neuen Ort zum Leben lassen sich ein Bauer und ein Weber in einem verlassenen Dorf nieder, auf den \u00dcberresten einer fr\u00fcheren Gemeinschaft. Sie machen sich an den Wiederaufbau und haben dank eines Brunnens Erfolg. Ihre Erzeugnisse tauschen sie mit den Waren eines reisenden H\u00e4ndlers.<\/p>\n<p>Unvermittelt taucht eine Frau auf, tritt in ihr Leben. Gemeinsam kultivieren sie das Land und begehren gegen die Ausbeutung durch den H\u00e4ndler auf. Doch Konkurrenz und Eifersucht zwischen dem Bauern und dem Weber entflammt, entl\u00e4dt sich als die Frau schwanger wird. Sie warnt die Beiden, dass sie die \u00e4u\u00dferen Widerst\u00e4nde und Gegner nie \u00fcberwinden, wenn sie den Feind in ihrem Inneren nicht bezwingen. Sie zieht weiter ohne Hoffnung auf eine friedvolle Gemeinschaft.<\/p>\n<p>Als Bauer und Weber ihr Land schlie\u00dflich doch gemeinsam gegen die Gier des H\u00e4ndlers verteidigen, ist es zu sp\u00e4t\u2026 Sie gehen unter. Der Kreislauf des Vergehens und Werdens beginnt erneut.<\/p>\n<p>&nbsp;<\/p>\n<h3>Cast &amp; Crew<\/h3>\n<div class=\"link-list reference-list\">\n<ul>\n<li><strong>Shabana Azmi<\/strong> die Frau<\/li>\n<li><strong>Naseeruddin Shah<\/strong> der Bauer<\/li>\n<li><strong>Om Puri<\/strong> der Weber<\/li>\n<li><strong>K. Raina<\/strong> der H\u00e4ndler<\/li>\n<\/ul>\n<ul>\n<li>Regie <strong>Mrinal Sen<\/strong> Assistenten: <strong>Amal Sirkar \/ Supantha Bhattacharya \/ Umashankar Pathik<\/strong><\/li>\n<li>Drehbuch <strong>Mrinal Sen<\/strong> &amp; <strong>Mohit Chatterjee<\/strong> nach dem Roman von <strong>Samaresh Basu<\/strong><\/li>\n<li>Dialoge <strong>Pathik Vats \/ Surendra P. Singh<\/strong><\/li>\n<li>Kamera <strong>Carlo Varini <\/strong>Assistenten: <strong>Manish Sarkar \/ Sashi Anand \/ Tapas Pal \/ Soba Sadagopan<\/strong><\/li>\n<li>Ton <strong>Henri Morelle \/ Frank Struys<\/strong> Assistenz :<strong> Radjan<\/strong> <strong>Pandey<\/strong><\/li>\n<li>Herstellungsleiter <strong>Mukul Chaudhuri<\/strong><\/li>\n<li>Aufnahmeleiter <strong>Jitesh Basu-Thakur<\/strong> Assistenten:<strong> Biswanath Das \/ Chakradhar Mahapatra \/ Gopi Kannadasan <\/strong><\/li>\n<li>Produktionsassistenz Indien <strong><span class=\"st\">Jo\u00ebl <\/span>Guibert<\/strong><\/li>\n<li>Produktionssekretariat <strong>Sylvie Lenoir \/ Isabelle Cahen \/ Marie Anne Thunissen<\/strong><\/li>\n<li>Musik <strong>Ravi Shankar <\/strong>Assistenz: <strong>Kumar Bose<\/strong><\/li>\n<li>Musiker <strong>Ravi Shankar \/ Kumar Bose \/ Kamalesh Maitra \/ Benoit Charvet \/ Jerry Lipkin \/ Fran\u00e7ois Auboux \/ Laura Patchen <\/strong><\/li>\n<li>Schnitt <strong>Elizabeth Waelchli <\/strong>Assistenz:<strong> Nadine Muse<\/strong><\/li>\n<li>Mischung <strong>Gerard Lamps<\/strong><\/li>\n<li>Ger\u00e4usche <strong>Jerome Levy<\/strong> Assistenz:<strong> Alain Levy<\/strong><\/li>\n<li>Ausstattung <strong>Nitish Roy <\/strong>Assistenz: <strong>Ajit Patnaik \/ Manas Biswas<\/strong><\/li>\n<li>Elektrik <strong>E.P. Joseph \/ Kedar Singh \/ Swapan Nath<\/strong><\/li>\n<li>Make Up<strong> Debi Halder \/ Ramprasad Kahar<\/strong><\/li>\n<li>Photos <strong>Subash Nady<\/strong><\/li>\n<li>Prodzuzenten <strong>Eliane Stutterheim \/ <\/strong> <strong>Marie Pascale Osterrieth \/ Jean-Jacques Andrien <\/strong><strong>\/ Palaniappan Ramasamy \/ Donat Keusch<\/strong><\/li>\n<li>Eine Produktion von <strong>SCARAB\u00c9ES FILMS <\/strong>Frankreich <strong>\/ Mrinal Sen PL.R.T. Production<\/strong> Indien <strong>\/ <\/strong><strong>Les Films de la Dr\u00e8ve<\/strong> Belgien <strong>\/ <\/strong><strong>Cactus Film<\/strong> Schweiz<strong><br \/>\n<\/strong><\/li>\n<\/ul>\n<\/div>\n","protected":false},"excerpt":{"rendered":"<p>Frankreich | Indien | Belgien | Schweiz | 1986 | 105 Minuten | Hindi | 35 mm | 2940 m | 1:1,85 | Eastmancolor Ein Film von Mrinal Sen Elend&#8230;<\/p>\n","protected":false},"author":2,"featured_media":0,"parent":156,"menu_order":0,"comment_status":"closed","ping_status":"closed","template":"","meta":{"_acf_changed":false,"footnotes":""},"class_list":["post-815","page","type-page","status-publish","hentry","boxed-1000","light-gold"],"acf":[],"_links":{"self":[{"href":"https:\/\/www.dfkfilms.com\/de\/wp-json\/wp\/v2\/pages\/815","targetHints":{"allow":["GET"]}}],"collection":[{"href":"https:\/\/www.dfkfilms.com\/de\/wp-json\/wp\/v2\/pages"}],"about":[{"href":"https:\/\/www.dfkfilms.com\/de\/wp-json\/wp\/v2\/types\/page"}],"author":[{"embeddable":true,"href":"https:\/\/www.dfkfilms.com\/de\/wp-json\/wp\/v2\/users\/2"}],"replies":[{"embeddable":true,"href":"https:\/\/www.dfkfilms.com\/de\/wp-json\/wp\/v2\/comments?post=815"}],"version-history":[{"count":3,"href":"https:\/\/www.dfkfilms.com\/de\/wp-json\/wp\/v2\/pages\/815\/revisions"}],"predecessor-version":[{"id":1977,"href":"https:\/\/www.dfkfilms.com\/de\/wp-json\/wp\/v2\/pages\/815\/revisions\/1977"}],"up":[{"embeddable":true,"href":"https:\/\/www.dfkfilms.com\/de\/wp-json\/wp\/v2\/pages\/156"}],"wp:attachment":[{"href":"https:\/\/www.dfkfilms.com\/de\/wp-json\/wp\/v2\/media?parent=815"}],"curies":[{"name":"wp","href":"https:\/\/api.w.org\/{rel}","templated":true}]}}